{"id":227,"date":"2016-10-15T01:33:05","date_gmt":"2016-10-15T01:33:05","guid":{"rendered":"http:\/\/frajni.com\/mision\/?page_id=227"},"modified":"2023-12-13T14:24:03","modified_gmt":"2023-12-13T14:24:03","slug":"brand-prodavnice","status":"publish","type":"page","link":"https:\/\/mison.rs\/index.php\/brand-prodavnice\/","title":{"rendered":"Brand prodavnice"},"content":{"rendered":"<div id='layer_slider_1'  class='avia-layerslider main_color avia-shadow  avia-builder-el-0  el_before_av_one_full  avia-builder-el-first  container_wrap fullsize'  style='height: 571px; max-width: 1310px; margin: 0 auto;'  ><\/div><div id='after_layer_slider_1'  class='main_color av_default_container_wrap container_wrap fullsize'  ><div class='container av-section-cont-open' ><div class='template-page content  av-content-full alpha units'><div class='post-entry post-entry-type-page post-entry-227'><div class='entry-content-wrapper clearfix'>\n\n<style type=\"text\/css\" data-created_by=\"avia_inline_auto\" id=\"style-css-av-psjn7-16067efc9b96d9ab7fbaaf71b3ef6515\">\n.flex_column.av-psjn7-16067efc9b96d9ab7fbaaf71b3ef6515{\n-webkit-border-radius:0px 0px 0px 0px;\n-moz-border-radius:0px 0px 0px 0px;\nborder-radius:0px 0px 0px 0px;\npadding:0px 0px 0px 0px;\n}\n<\/style>\n<div class='flex_column av-psjn7-16067efc9b96d9ab7fbaaf71b3ef6515 av_one_full  avia-builder-el-1  el_after_av_layerslider  el_before_av_one_full  avia-builder-el-first  first flex_column_div av-zero-column-padding '     ><section  class='av_textblock_section av-jh0ab-7a8e64cf4a4550138c943359e36e3b72'  itemscope=\"itemscope\" itemtype=\"https:\/\/schema.org\/CreativeWork\" ><div class='avia_textblock'  itemprop=\"text\" ><h2>Dobro do\u0161li u Philips Shop<\/h2>\n<h1>Mesto inovativnih re\u0161enja koja pobolj\u0161avaju \u017eivote ljudi<\/h1>\n<p>Sa ponosom predstavljamo prvu Philips brend radnju u regionu.<\/p>\n<p>Na jednom mestu, svi posetioci sada imaju priliku da do\u017eive personalizovano iskustvo kupovine, isprobaju ure\u0111aje na licu mesta uz savete Philips stru\u010dnjaka.<\/p>\n<h2>Lokacija<\/h2>\n<p>Philips shop nalazi se na adresi:<br \/>\nBulevar Vudroa Vilsona 14, Beograd<br \/>\nGALERIJA SHOPPING CENTER, II sprat,<\/p>\n<p>Radno vreme prodavnice:<br \/>\nPonedeljak &#8211; Nedelja: od 10h do 22h Tel. 063\/492 714<br \/>\nmail: info@philips-eshop.rs<\/p>\n<\/div><\/section><\/div>\n<style type=\"text\/css\" data-created_by=\"avia_inline_auto\" id=\"style-css-av-dmj4j-137bfe2170cc0531abdb165a205298e5\">\n.flex_column.av-dmj4j-137bfe2170cc0531abdb165a205298e5{\n-webkit-border-radius:0px 0px 0px 0px;\n-moz-border-radius:0px 0px 0px 0px;\nborder-radius:0px 0px 0px 0px;\npadding:0px 0px 0px 0px;\n}\n<\/style>\n<div class='flex_column av-dmj4j-137bfe2170cc0531abdb165a205298e5 av_one_full  avia-builder-el-3  el_after_av_one_full  avia-builder-el-last  first flex_column_div av-zero-column-padding column-top-margin'     ><div id='av-masonry-1' class='av-masonry av-6tv97-00e36a9dedb36678ec914a36c17cc55a noHover av-fixed-size av-large-gap av-hover-overlay- av-masonry-animation-active av-masonry-col-flexible av-caption-always av-caption-style- av-masonry-gallery '><div class=\"av-masonry-container isotope av-js-disabled\"><div class='av-masonry-entry isotope-item av-masonry-item-no-image '><\/div><a href=\"https:\/\/mison.rs\/wp-content\/uploads\/2023\/12\/philips1-1030x688.jpg\"  aria-label=\"image philips1\"  id='av-masonry-1-item-1568' data-av-masonry-item='1568' class='av-masonry-entry isotope-item post-1568 attachment type-attachment status-inherit hentry  av-masonry-item-with-image' title=\"philips1\" alt=\"\"    itemprop=\"thumbnailUrl\" ><div class='av-inner-masonry-sizer'><\/div><figure class='av-inner-masonry main_color'><div class=\"av-masonry-outerimage-container\"><div class='av-masonry-image-container' style=\"background-image: url(https:\/\/mison.rs\/wp-content\/uploads\/2023\/12\/philips1-705x471.jpg);\"  title=\"philips1\"  ><\/div><\/div><\/figure><\/a><!--end av-masonry entry--><a href=\"https:\/\/mison.rs\/wp-content\/uploads\/2023\/12\/philips3-1030x688.jpg\"  aria-label=\"image philips3\"  id='av-masonry-1-item-1570' data-av-masonry-item='1570' class='av-masonry-entry isotope-item post-1570 attachment type-attachment status-inherit hentry  av-masonry-item-with-image' title=\"philips3\" alt=\"\"    itemprop=\"thumbnailUrl\" ><div class='av-inner-masonry-sizer'><\/div><figure class='av-inner-masonry main_color'><div class=\"av-masonry-outerimage-container\"><div class='av-masonry-image-container' style=\"background-image: url(https:\/\/mison.rs\/wp-content\/uploads\/2023\/12\/philips3-705x471.jpg);\"  title=\"philips3\"  ><\/div><\/div><\/figure><\/a><!--end av-masonry entry--><a href=\"https:\/\/mison.rs\/wp-content\/uploads\/2023\/12\/philips2-1030x688.jpg\"  aria-label=\"image philips2\"  id='av-masonry-1-item-1569' data-av-masonry-item='1569' class='av-masonry-entry isotope-item post-1569 attachment type-attachment status-inherit hentry  av-masonry-item-with-image' title=\"philips2\" alt=\"\"    itemprop=\"thumbnailUrl\" ><div class='av-inner-masonry-sizer'><\/div><figure class='av-inner-masonry main_color'><div class=\"av-masonry-outerimage-container\"><div class='av-masonry-image-container' style=\"background-image: url(https:\/\/mison.rs\/wp-content\/uploads\/2023\/12\/philips2-705x471.jpg);\"  title=\"philips2\"  ><\/div><\/div><\/figure><\/a><!--end av-masonry entry--><\/div><\/div><\/div><\/p>\n","protected":false},"excerpt":{"rendered":"","protected":false},"author":1,"featured_media":0,"parent":0,"menu_order":0,"comment_status":"closed","ping_status":"closed","template":"","meta":[],"_links":{"self":[{"href":"https:\/\/mison.rs\/index.php\/wp-json\/wp\/v2\/pages\/227"}],"collection":[{"href":"https:\/\/mison.rs\/index.php\/wp-json\/wp\/v2\/pages"}],"about":[{"href":"https:\/\/mison.rs\/index.php\/wp-json\/wp\/v2\/types\/page"}],"author":[{"embeddable":true,"href":"https:\/\/mison.rs\/index.php\/wp-json\/wp\/v2\/users\/1"}],"replies":[{"embeddable":true,"href":"https:\/\/mison.rs\/index.php\/wp-json\/wp\/v2\/comments?post=227"}],"version-history":[{"count":106,"href":"https:\/\/mison.rs\/index.php\/wp-json\/wp\/v2\/pages\/227\/revisions"}],"predecessor-version":[{"id":1590,"href":"https:\/\/mison.rs\/index.php\/wp-json\/wp\/v2\/pages\/227\/revisions\/1590"}],"wp:attachment":[{"href":"https:\/\/mison.rs\/index.php\/wp-json\/wp\/v2\/media?parent=227"}],"curies":[{"name":"wp","href":"https:\/\/api.w.org\/{rel}","templated":true}]}}