{"id":801,"date":"2016-11-02T08:04:08","date_gmt":"2016-11-02T08:04:08","guid":{"rendered":"http:\/\/frajni.com\/mision\/?page_id=801"},"modified":"2021-01-07T22:52:50","modified_gmt":"2021-01-07T22:52:50","slug":"logistika-i-distribucija","status":"publish","type":"page","link":"https:\/\/mison.rs\/index.php\/logistika-i-distribucija\/","title":{"rendered":"Logistika i distribucija"},"content":{"rendered":"<div id='layer_slider_1'  class='avia-layerslider main_color avia-shadow  avia-builder-el-0  el_before_av_one_third  avia-builder-el-first  container_wrap fullsize'  style='height: 571px;'  ><\/div><div id='after_layer_slider_1'  class='main_color av_default_container_wrap container_wrap fullsize'  ><div class='container av-section-cont-open' ><div class='template-page content  av-content-full alpha units'><div class='post-entry post-entry-type-page post-entry-801'><div class='entry-content-wrapper clearfix'>\n\n<style type=\"text\/css\" data-created_by=\"avia_inline_auto\" id=\"style-css-av-av_one_third-b18ec1635791c30194c2fc90ea77ba9c\">\n.flex_column.av-av_one_third-b18ec1635791c30194c2fc90ea77ba9c{\n-webkit-border-radius:0px 0px 0px 0px;\n-moz-border-radius:0px 0px 0px 0px;\nborder-radius:0px 0px 0px 0px;\npadding:0px 0px 0px 0px;\n}\n<\/style>\n<div class='flex_column av-av_one_third-b18ec1635791c30194c2fc90ea77ba9c av_one_third  avia-builder-el-1  el_after_av_layerslider  el_before_av_one_third  avia-builder-el-first  first flex_column_div av-zero-column-padding '     ><section  class='av_textblock_section av-av_textblock-0366cc7376be6c9e82a3e9cc8987b64f'  itemscope=\"itemscope\" itemtype=\"https:\/\/schema.org\/CreativeWork\" ><div class='avia_textblock'  itemprop=\"text\" ><p><img decoding=\"async\" loading=\"lazy\" class=\"bigIcon size-square wp-image-65 aligncenter\" src=\"http:\/\/frajni.com\/mision\/wp-content\/uploads\/2016\/10\/misonArtboard-1-copy-5-180x180.png\" alt=\"misonartboard-1-copy-5\" width=\"180\" height=\"180\" srcset=\"https:\/\/mison.rs\/wp-content\/uploads\/2016\/10\/misonArtboard-1-copy-5-180x180.png 180w, https:\/\/mison.rs\/wp-content\/uploads\/2016\/10\/misonArtboard-1-copy-5-80x80.png 80w, https:\/\/mison.rs\/wp-content\/uploads\/2016\/10\/misonArtboard-1-copy-5-36x36.png 36w, https:\/\/mison.rs\/wp-content\/uploads\/2016\/10\/misonArtboard-1-copy-5-120x120.png 120w, https:\/\/mison.rs\/wp-content\/uploads\/2016\/10\/misonArtboard-1-copy-5.png 300w\" sizes=\"(max-width: 180px) 100vw, 180px\" \/><\/p>\n<h3 style=\"text-align: left;\"><\/h3>\n<\/div><\/section><\/div>\n\n<style type=\"text\/css\" data-created_by=\"avia_inline_auto\" id=\"style-css-av-av_one_third-0aa7055fe62c3622faec82866afbaeb2\">\n.flex_column.av-av_one_third-0aa7055fe62c3622faec82866afbaeb2{\n-webkit-border-radius:0px 0px 0px 0px;\n-moz-border-radius:0px 0px 0px 0px;\nborder-radius:0px 0px 0px 0px;\npadding:0px 0px 0px 0px;\n}\n<\/style>\n<div class='flex_column av-av_one_third-0aa7055fe62c3622faec82866afbaeb2 av_one_third  avia-builder-el-3  el_after_av_one_third  el_before_av_one_third  flex_column_div av-zero-column-padding '     ><section  class='av_textblock_section av-av_textblock-0366cc7376be6c9e82a3e9cc8987b64f'  itemscope=\"itemscope\" itemtype=\"https:\/\/schema.org\/CreativeWork\" ><div class='avia_textblock'  itemprop=\"text\" ><h3>LOGISTIKA I DISTRIBUCIJA<\/h3>\n<p>Dobro organizovana i efikasna logistika je osnova na\u0161eg profesionalnog kredibiliteta.<\/p>\n<p>Kroz sporazume sa najboljim logisti\u010dkim kompanijama u zemlji, administrativne poslove sprovodimo u roku od jednog dana. Stoga kupcima u Beogradu robu isporu\u010dujemo u roku od 24 sata, a kupcima \u0161irom Srbije najkasnije u roku od 48 sati.<\/p>\n<p>Usled uspeha dosada\u0161njih rezultata, na\u0161a firma je prepoznata kao maksimalno pouzdan partner u celokupnom procesu lanca snabdevanja.<\/p>\n<\/div><\/section><\/div>\n\n<style type=\"text\/css\" data-created_by=\"avia_inline_auto\" id=\"style-css-av-av_one_third-0aa7055fe62c3622faec82866afbaeb2\">\n.flex_column.av-av_one_third-0aa7055fe62c3622faec82866afbaeb2{\n-webkit-border-radius:0px 0px 0px 0px;\n-moz-border-radius:0px 0px 0px 0px;\nborder-radius:0px 0px 0px 0px;\npadding:0px 0px 0px 0px;\n}\n<\/style>\n<div class='flex_column av-av_one_third-0aa7055fe62c3622faec82866afbaeb2 av_one_third  avia-builder-el-5  el_after_av_one_third  el_before_av_hr  flex_column_div av-zero-column-padding '     ><p>\n<style type=\"text\/css\" data-created_by=\"avia_inline_auto\" id=\"style-css-av-av_hr-4879e9d8f1cbf54452344879a53cb7ee\">\n#top .hr.av-av_hr-4879e9d8f1cbf54452344879a53cb7ee{\nmargin-top:-23px;\nmargin-bottom:30px;\n}\n.hr.av-av_hr-4879e9d8f1cbf54452344879a53cb7ee .hr-inner{\nwidth:50px;\nborder-color:#ffffff;\n}\n<\/style>\n<div  class='hr av-av_hr-4879e9d8f1cbf54452344879a53cb7ee hr-custom  avia-builder-el-6  el_before_av_textblock  avia-builder-el-first  hr-center hr-icon-no'><span class='hr-inner inner-border-av-border-thin'><span class=\"hr-inner-style\"><\/span><\/span><\/div><br \/>\n\n<style type=\"text\/css\" data-created_by=\"avia_inline_auto\" id=\"style-css-av-av_textblock-14d4e850510be8d76ad26f18bac46053\">\n#top .av_textblock_section.av-av_textblock-14d4e850510be8d76ad26f18bac46053 .avia_textblock{\ncolor:#00a0c4;\n}\n<\/style>\n<section  class='av_textblock_section av-av_textblock-14d4e850510be8d76ad26f18bac46053'  itemscope=\"itemscope\" itemtype=\"https:\/\/schema.org\/CreativeWork\" ><div class='avia_textblock av_inherit_color'  itemprop=\"text\" ><p><strong style=\"color: #00a0c4;\">Uvoz, carinjenje<\/strong> \u2013 kompletan administrativan proces radimo u saradnji sa renomiranim partnerima u najkra\u0107em roku.<\/p>\n<p><strong style=\"color: #00a0c4;\">Skladi\u0161tenje<\/strong> \u2013 odr\u017eavamo optimalnu koli\u010dinu zaliha za nesmetano funkcionisanje i skladi\u0161timo u skladu sa svim standardima<\/p>\n<\/div><\/section><\/p><\/div>\n\n<style type=\"text\/css\" data-created_by=\"avia_inline_auto\" id=\"style-css-av-av_hr-908282dc8e21e60f9978695afad9de35\">\n#top .hr.av-av_hr-908282dc8e21e60f9978695afad9de35{\nmargin-top:40px;\nmargin-bottom:0px;\n}\n.hr.av-av_hr-908282dc8e21e60f9978695afad9de35 .hr-inner{\nwidth:1310px;\nborder-color:#2a4677;\n}\n<\/style>\n<div  class='hr av-av_hr-908282dc8e21e60f9978695afad9de35 hr-custom  avia-builder-el-8  el_after_av_one_third  el_before_av_one_third  hr-left hr-icon-no'><span class='hr-inner inner-border-av-border-fat'><span class=\"hr-inner-style\"><\/span><\/span><\/div>\n\n<style type=\"text\/css\" data-created_by=\"avia_inline_auto\" id=\"style-css-av-av_one_third-6126cab7d8fab8d08143dd2dacdf673c\">\n.flex_column.av-av_one_third-6126cab7d8fab8d08143dd2dacdf673c{\n-webkit-border-radius:0px 0px 0px 0px;\n-moz-border-radius:0px 0px 0px 0px;\nborder-radius:0px 0px 0px 0px;\npadding:0px 0px 0px 0px;\n}\n<\/style>\n<div class='flex_column av-av_one_third-6126cab7d8fab8d08143dd2dacdf673c av_one_third  avia-builder-el-9  el_after_av_hr  el_before_av_one_third  first flex_column_div av-zero-column-padding '     ><style type=\"text\/css\" data-created_by=\"avia_inline_auto\" id=\"style-css-av-av_textblock-14d4e850510be8d76ad26f18bac46053\">\n#top .av_textblock_section.av-av_textblock-14d4e850510be8d76ad26f18bac46053 .avia_textblock{\ncolor:#00a0c4;\n}\n<\/style>\n<section  class='av_textblock_section av-av_textblock-14d4e850510be8d76ad26f18bac46053'  itemscope=\"itemscope\" itemtype=\"https:\/\/schema.org\/CreativeWork\" ><div class='avia_textblock av_inherit_color'  itemprop=\"text\" ><p style=\"text-align: left;\">Ugovorni partner za skladi\u0161tenje<br \/>\n<strong><em>(Mil\u0161ped, Krnje\u0161evci)<\/em><\/strong><\/p>\n<\/div><\/section><\/div>\n\n<style type=\"text\/css\" data-created_by=\"avia_inline_auto\" id=\"style-css-av-av_one_third-0aa7055fe62c3622faec82866afbaeb2\">\n.flex_column.av-av_one_third-0aa7055fe62c3622faec82866afbaeb2{\n-webkit-border-radius:0px 0px 0px 0px;\n-moz-border-radius:0px 0px 0px 0px;\nborder-radius:0px 0px 0px 0px;\npadding:0px 0px 0px 0px;\n}\n<\/style>\n<div class='flex_column av-av_one_third-0aa7055fe62c3622faec82866afbaeb2 av_one_third  avia-builder-el-11  el_after_av_one_third  el_before_av_one_third  flex_column_div av-zero-column-padding '     ><style type=\"text\/css\" data-created_by=\"avia_inline_auto\" id=\"style-css-av-av_textblock-b3e743d6d448cc9a3ee91df29ff22ca6\">\n#top .av_textblock_section.av-av_textblock-b3e743d6d448cc9a3ee91df29ff22ca6 .avia_textblock{\ncolor:#00a0c4;\n}\n<\/style>\n<section  class='av_textblock_section av-av_textblock-b3e743d6d448cc9a3ee91df29ff22ca6'  itemscope=\"itemscope\" itemtype=\"https:\/\/schema.org\/CreativeWork\" ><div class='avia_textblock av_inherit_color'  itemprop=\"text\" ><p style=\"text-align: left;\">Ugovorni partner za \u0161pediciju<br \/>\n<em><strong>(Mil\u0161ped, Krnje\u0161evci )<\/strong><\/em><\/p>\n<\/div><\/section><\/div>\n<style type=\"text\/css\" data-created_by=\"avia_inline_auto\" id=\"style-css-av-av_one_third-0aa7055fe62c3622faec82866afbaeb2\">\n.flex_column.av-av_one_third-0aa7055fe62c3622faec82866afbaeb2{\n-webkit-border-radius:0px 0px 0px 0px;\n-moz-border-radius:0px 0px 0px 0px;\nborder-radius:0px 0px 0px 0px;\npadding:0px 0px 0px 0px;\n}\n<\/style>\n<div class='flex_column av-av_one_third-0aa7055fe62c3622faec82866afbaeb2 av_one_third  avia-builder-el-13  el_after_av_one_third  avia-builder-el-last  flex_column_div av-zero-column-padding '     ><style type=\"text\/css\" data-created_by=\"avia_inline_auto\" id=\"style-css-av-av_textblock-b3e743d6d448cc9a3ee91df29ff22ca6\">\n#top .av_textblock_section.av-av_textblock-b3e743d6d448cc9a3ee91df29ff22ca6 .avia_textblock{\ncolor:#00a0c4;\n}\n<\/style>\n<section  class='av_textblock_section av-av_textblock-b3e743d6d448cc9a3ee91df29ff22ca6'  itemscope=\"itemscope\" itemtype=\"https:\/\/schema.org\/CreativeWork\" ><div class='avia_textblock av_inherit_color'  itemprop=\"text\" ><p style=\"text-align: left;\">Ugovorni partner za transport<br \/>\n<em><strong>(Rapan, Valjevo, Mil\u0161ped, D-Express)<\/strong><\/em><\/p>\n<\/div><\/section><\/div><\/p>\n","protected":false},"excerpt":{"rendered":"","protected":false},"author":1,"featured_media":0,"parent":0,"menu_order":0,"comment_status":"closed","ping_status":"closed","template":"","meta":[],"_links":{"self":[{"href":"https:\/\/mison.rs\/index.php\/wp-json\/wp\/v2\/pages\/801"}],"collection":[{"href":"https:\/\/mison.rs\/index.php\/wp-json\/wp\/v2\/pages"}],"about":[{"href":"https:\/\/mison.rs\/index.php\/wp-json\/wp\/v2\/types\/page"}],"author":[{"embeddable":true,"href":"https:\/\/mison.rs\/index.php\/wp-json\/wp\/v2\/users\/1"}],"replies":[{"embeddable":true,"href":"https:\/\/mison.rs\/index.php\/wp-json\/wp\/v2\/comments?post=801"}],"version-history":[{"count":52,"href":"https:\/\/mison.rs\/index.php\/wp-json\/wp\/v2\/pages\/801\/revisions"}],"predecessor-version":[{"id":1373,"href":"https:\/\/mison.rs\/index.php\/wp-json\/wp\/v2\/pages\/801\/revisions\/1373"}],"wp:attachment":[{"href":"https:\/\/mison.rs\/index.php\/wp-json\/wp\/v2\/media?parent=801"}],"curies":[{"name":"wp","href":"https:\/\/api.w.org\/{rel}","templated":true}]}}