{"id":804,"date":"2016-11-02T08:05:22","date_gmt":"2016-11-02T08:05:22","guid":{"rendered":"http:\/\/frajni.com\/mision\/?page_id=804"},"modified":"2016-11-07T09:57:42","modified_gmt":"2016-11-07T09:57:42","slug":"menadzment-kategorija","status":"publish","type":"page","link":"https:\/\/mison.rs\/index.php\/menadzment-kategorija\/","title":{"rendered":"Menad\u017ement kategorija"},"content":{"rendered":"<div id='layer_slider_1'  class='avia-layerslider main_color avia-shadow  avia-builder-el-0  el_before_av_one_fourth  avia-builder-el-first  container_wrap fullsize'  style='height: 571px;'  ><\/div><div id='after_layer_slider_1'  class='main_color av_default_container_wrap container_wrap fullsize'  ><div class='container av-section-cont-open' ><div class='template-page content  av-content-full alpha units'><div class='post-entry post-entry-type-page post-entry-804'><div class='entry-content-wrapper clearfix'>\n\n<style type=\"text\/css\" data-created_by=\"avia_inline_auto\" id=\"style-css-av-av_one_fourth-6126cab7d8fab8d08143dd2dacdf673c\">\n.flex_column.av-av_one_fourth-6126cab7d8fab8d08143dd2dacdf673c{\n-webkit-border-radius:0px 0px 0px 0px;\n-moz-border-radius:0px 0px 0px 0px;\nborder-radius:0px 0px 0px 0px;\npadding:0px 0px 0px 0px;\n}\n<\/style>\n<div class='flex_column av-av_one_fourth-6126cab7d8fab8d08143dd2dacdf673c av_one_fourth  avia-builder-el-1  el_after_av_layerslider  el_before_av_one_third  avia-builder-el-first  first flex_column_div av-zero-column-padding '     ><section  class='av_textblock_section av-av_textblock-0366cc7376be6c9e82a3e9cc8987b64f'  itemscope=\"itemscope\" itemtype=\"https:\/\/schema.org\/CreativeWork\" ><div class='avia_textblock'  itemprop=\"text\" ><p><img decoding=\"async\" loading=\"lazy\" class=\"bigIcon wp-image-67 size-square aligncenter\" src=\"http:\/\/frajni.com\/mision\/wp-content\/uploads\/2016\/10\/misonArtboard-4-copy-180x180.png\" width=\"180\" height=\"180\" srcset=\"https:\/\/mison.rs\/wp-content\/uploads\/2016\/10\/misonArtboard-4-copy-180x180.png 180w, https:\/\/mison.rs\/wp-content\/uploads\/2016\/10\/misonArtboard-4-copy-80x80.png 80w, https:\/\/mison.rs\/wp-content\/uploads\/2016\/10\/misonArtboard-4-copy-36x36.png 36w, https:\/\/mison.rs\/wp-content\/uploads\/2016\/10\/misonArtboard-4-copy-120x120.png 120w, https:\/\/mison.rs\/wp-content\/uploads\/2016\/10\/misonArtboard-4-copy.png 300w\" sizes=\"(max-width: 180px) 100vw, 180px\" \/><\/p>\n<h3><\/h3>\n<\/div><\/section><\/div>\n\n<style type=\"text\/css\" data-created_by=\"avia_inline_auto\" id=\"style-css-av-av_one_third-0aa7055fe62c3622faec82866afbaeb2\">\n.flex_column.av-av_one_third-0aa7055fe62c3622faec82866afbaeb2{\n-webkit-border-radius:0px 0px 0px 0px;\n-moz-border-radius:0px 0px 0px 0px;\nborder-radius:0px 0px 0px 0px;\npadding:0px 0px 0px 0px;\n}\n<\/style>\n<div class='flex_column av-av_one_third-0aa7055fe62c3622faec82866afbaeb2 av_one_third  avia-builder-el-3  el_after_av_one_fourth  el_before_av_two_fifth  flex_column_div av-zero-column-padding '     ><section  class='av_textblock_section av-av_textblock-0366cc7376be6c9e82a3e9cc8987b64f'  itemscope=\"itemscope\" itemtype=\"https:\/\/schema.org\/CreativeWork\" ><div class='avia_textblock'  itemprop=\"text\" ><h3>MENAD\u017dMENT KATEGORIJA<\/h3>\n<p style=\"text-align: left;\">Odluke o asortimanu i nabavci donosimo imaju?i u vidu prvenstveno potrebe potro\u0161a?a na na\u0161em tr\u017ei\u0161tu.<\/p>\n<p style=\"text-align: left;\">Stvaramo vezu izme?u proizvo?a?a, maloprodaja i potro\u0161a?a. U ovom procesu razmenjujemo informacije i zajedni?ki razvijamo kategorije proizvoda a dobra koordinacija i komunikacija sa svim partnerima u lancu klju?ni su za na\u0161 uspeh.<\/p>\n<p style=\"text-align: left;\">Upravljamo nezavisno svim kategorijama proizvoda \u0161to podrazumeva pojedina?nu izradu strategije za proizvode svake robne marke, planiranje i ugovaranje asortimana, kao i pra?enje prodaje i kretanja artikala na tr\u017ei\u0161tu.<\/p>\n<\/div><\/section><\/div>\n\n<style type=\"text\/css\" data-created_by=\"avia_inline_auto\" id=\"style-css-av-av_two_fifth-0aa7055fe62c3622faec82866afbaeb2\">\n.flex_column.av-av_two_fifth-0aa7055fe62c3622faec82866afbaeb2{\n-webkit-border-radius:0px 0px 0px 0px;\n-moz-border-radius:0px 0px 0px 0px;\nborder-radius:0px 0px 0px 0px;\npadding:0px 0px 0px 0px;\n}\n<\/style>\n<div class='flex_column av-av_two_fifth-0aa7055fe62c3622faec82866afbaeb2 av_two_fifth  avia-builder-el-5  el_after_av_one_third  avia-builder-el-last  flex_column_div av-zero-column-padding '     ><section  class='av_textblock_section av-av_textblock-0366cc7376be6c9e82a3e9cc8987b64f'  itemscope=\"itemscope\" itemtype=\"https:\/\/schema.org\/CreativeWork\" ><div class='avia_textblock'  itemprop=\"text\" ><p style=\"margin-top: 33px;\">Kod planiranja i ugovaranja asortimana, rukovodimo se potrebama potro\u0161a?a i situacijom na tr\u017ei\u0161tu a ciljeve postavljamo u skladu sa ulogom i planom razvoja kategorije. Zajedno sa dobavlja?ima donosimo odluke o \u0161irini asortimana, pratimo profitabilnost kategorija, kretanja na tr\u017ei\u0161tu i primenu propisanih standarda.<\/p>\n<\/div><\/section><br \/>\n\n<style type=\"text\/css\" data-created_by=\"avia_inline_auto\" id=\"style-css-av-av_hr-4d75f82a8df9621c652b4658082c31ce\">\n#top .hr.av-av_hr-4d75f82a8df9621c652b4658082c31ce{\nmargin-top:10px;\nmargin-bottom:10px;\n}\n.hr.av-av_hr-4d75f82a8df9621c652b4658082c31ce .hr-inner{\nwidth:530px;\nborder-color:#2a4677;\n}\n<\/style>\n<div  class='hr av-av_hr-4d75f82a8df9621c652b4658082c31ce hr-custom  avia-builder-el-7  el_after_av_textblock  el_before_av_textblock  hr-left hr-icon-no'><span class='hr-inner inner-border-av-border-fat'><span class=\"hr-inner-style\"><\/span><\/span><\/div><br \/>\n\n<style type=\"text\/css\" data-created_by=\"avia_inline_auto\" id=\"style-css-av-av_textblock-14d4e850510be8d76ad26f18bac46053\">\n#top .av_textblock_section.av-av_textblock-14d4e850510be8d76ad26f18bac46053 .avia_textblock{\ncolor:#00a0c4;\n}\n<\/style>\n<section  class='av_textblock_section av-av_textblock-14d4e850510be8d76ad26f18bac46053'  itemscope=\"itemscope\" itemtype=\"https:\/\/schema.org\/CreativeWork\" ><div class='avia_textblock av_inherit_color'  itemprop=\"text\" ><p><strong style=\"color: #00a0c4;\">Izbor asortimana \u2013<\/strong> dvosmerno sara?ujemo sa partnerima u odabiru adekvatnog asortimana prilago?enog svakom prodajnom mestu<\/p>\n<p><strong style=\"color: #00a0c4;\">Planiranje \u2013<\/strong> Kroz proces planiranja uskla?ujemo \u017eelje dobavlja?a sa mogu?nostima firme, zahtevima tr\u017ei\u0161ta i potrebama potro\u0161a?a.<\/p>\n<\/div><\/section><\/p><\/div>\n","protected":false},"excerpt":{"rendered":"","protected":false},"author":1,"featured_media":0,"parent":0,"menu_order":0,"comment_status":"closed","ping_status":"closed","template":"","meta":[],"_links":{"self":[{"href":"https:\/\/mison.rs\/index.php\/wp-json\/wp\/v2\/pages\/804"}],"collection":[{"href":"https:\/\/mison.rs\/index.php\/wp-json\/wp\/v2\/pages"}],"about":[{"href":"https:\/\/mison.rs\/index.php\/wp-json\/wp\/v2\/types\/page"}],"author":[{"embeddable":true,"href":"https:\/\/mison.rs\/index.php\/wp-json\/wp\/v2\/users\/1"}],"replies":[{"embeddable":true,"href":"https:\/\/mison.rs\/index.php\/wp-json\/wp\/v2\/comments?post=804"}],"version-history":[{"count":22,"href":"https:\/\/mison.rs\/index.php\/wp-json\/wp\/v2\/pages\/804\/revisions"}],"predecessor-version":[{"id":1011,"href":"https:\/\/mison.rs\/index.php\/wp-json\/wp\/v2\/pages\/804\/revisions\/1011"}],"wp:attachment":[{"href":"https:\/\/mison.rs\/index.php\/wp-json\/wp\/v2\/media?parent=804"}],"curies":[{"name":"wp","href":"https:\/\/api.w.org\/{rel}","templated":true}]}}