{"id":9,"date":"2016-10-13T10:51:50","date_gmt":"2016-10-13T10:51:50","guid":{"rendered":"http:\/\/localhost\/wordpress5\/?page_id=9"},"modified":"2025-09-17T18:01:46","modified_gmt":"2025-09-17T18:01:46","slug":"pocetna","status":"publish","type":"page","link":"https:\/\/mison.rs\/","title":{"rendered":"Po\u010detna"},"content":{"rendered":"<div id='layer_slider_1'  class='avia-layerslider main_color avia-shadow  avia-builder-el-0  el_before_av_layerslider  avia-builder-el-first  container_wrap fullsize'  style='height: 571px; max-width: 1310px; margin: 0 auto;'  ><\/div>\n<div id='layer_slider_2'  class='avia-layerslider main_color avia-shadow  avia-builder-el-1  el_after_av_layerslider  el_before_av_one_fifth  slider-not-first container_wrap fullsize'  style='height: 571px;'  ><\/div><div id='after_layer_slider_2'  class='main_color av_default_container_wrap container_wrap fullsize'  ><div class='container av-section-cont-open' ><div class='template-page content  av-content-full alpha units'><div class='post-entry post-entry-type-page post-entry-9'><div class='entry-content-wrapper clearfix'>\n\n<style type=\"text\/css\" data-created_by=\"avia_inline_auto\" id=\"style-css-av-1nnhf-19f2083bf279f0ca152d915dbd33b4af\">\n.flex_column.av-1nnhf-19f2083bf279f0ca152d915dbd33b4af{\n-webkit-border-radius:0px 0px 0px 0px;\n-moz-border-radius:0px 0px 0px 0px;\nborder-radius:0px 0px 0px 0px;\npadding:0px 0px 0px 0px;\n}\n<\/style>\n<div class='flex_column av-1nnhf-19f2083bf279f0ca152d915dbd33b4af av_one_fifth  avia-builder-el-2  el_after_av_layerslider  el_before_av_one_fifth  avia-builder-el-first  first flex_column_div av-animated-generic left-to-right av-zero-column-padding '     ><style type=\"text\/css\" data-created_by=\"avia_inline_auto\" id=\"style-css-av-1k94p-7009ef3ddda4d65b0290d05c7ce48194\">\n#top .av_textblock_section.av-1k94p-7009ef3ddda4d65b0290d05c7ce48194 .avia_textblock{\nfont-size:15px;\n}\n<\/style>\n<section  class='av_textblock_section av-1k94p-7009ef3ddda4d65b0290d05c7ce48194'  itemscope=\"itemscope\" itemtype=\"https:\/\/schema.org\/CreativeWork\" ><div class='avia_textblock'  itemprop=\"text\" ><p><img decoding=\"async\" loading=\"lazy\" class=\"myIcon aligncenter wp-image-65\" src=\"http:\/\/frajni.com\/mision\/wp-content\/uploads\/2016\/10\/misonArtboard-1-copy-5-180x180.png\" width=\"120\" height=\"120\" srcset=\"https:\/\/mison.rs\/wp-content\/uploads\/2016\/10\/misonArtboard-1-copy-5-180x180.png 180w, https:\/\/mison.rs\/wp-content\/uploads\/2016\/10\/misonArtboard-1-copy-5-80x80.png 80w, https:\/\/mison.rs\/wp-content\/uploads\/2016\/10\/misonArtboard-1-copy-5-36x36.png 36w, https:\/\/mison.rs\/wp-content\/uploads\/2016\/10\/misonArtboard-1-copy-5-120x120.png 120w, https:\/\/mison.rs\/wp-content\/uploads\/2016\/10\/misonArtboard-1-copy-5.png 300w\" sizes=\"(max-width: 120px) 100vw, 120px\" \/><\/p>\n<p style=\"text-align: center; color: #00a0c4; font-size: 17px; font-family: Roboto;\"><a style=\"text-decoration: none;\" href=\"http:\/\/mison.rs\/index.php\/logistika-i-distribucija\/\"><strong style=\"color: #00a0c4;\">LOGISTIKA I DISTRIBUCIJA<\/strong><\/a><\/p>\n<p style=\"text-align: center;\">Dobro organizovana i efikasna logistika je osnova na\u0161eg profesionalnog kredibiliteta.<\/p>\n<\/div><\/section><\/div>\n\n<style type=\"text\/css\" data-created_by=\"avia_inline_auto\" id=\"style-css-av-1izuz-ca6442a0252cdf03fd1ebcd2668e5aa8\">\n.flex_column.av-1izuz-ca6442a0252cdf03fd1ebcd2668e5aa8{\n-webkit-border-radius:0px 0px 0px 0px;\n-moz-border-radius:0px 0px 0px 0px;\nborder-radius:0px 0px 0px 0px;\npadding:0px 0px 0px 0px;\n}\n<\/style>\n<div class='flex_column av-1izuz-ca6442a0252cdf03fd1ebcd2668e5aa8 av_one_fifth  avia-builder-el-4  el_after_av_one_fifth  el_before_av_one_fifth  flex_column_div av-animated-generic left-to-right av-zero-column-padding '     ><style type=\"text\/css\" data-created_by=\"avia_inline_auto\" id=\"style-css-av-1hemp-743513a0c6387d85fde5c42cf361084b\">\n#top .av_textblock_section.av-1hemp-743513a0c6387d85fde5c42cf361084b .avia_textblock{\nfont-size:15px;\n}\n<\/style>\n<section  class='av_textblock_section av-1hemp-743513a0c6387d85fde5c42cf361084b'  itemscope=\"itemscope\" itemtype=\"https:\/\/schema.org\/CreativeWork\" ><div class='avia_textblock'  itemprop=\"text\" ><p><img decoding=\"async\" loading=\"lazy\" class=\"myIcon aligncenter wp-image-67\" src=\"http:\/\/frajni.com\/mision\/wp-content\/uploads\/2016\/10\/misonArtboard-4-copy-180x180.png\" width=\"120\" height=\"120\" srcset=\"https:\/\/mison.rs\/wp-content\/uploads\/2016\/10\/misonArtboard-4-copy-180x180.png 180w, https:\/\/mison.rs\/wp-content\/uploads\/2016\/10\/misonArtboard-4-copy-80x80.png 80w, https:\/\/mison.rs\/wp-content\/uploads\/2016\/10\/misonArtboard-4-copy-36x36.png 36w, https:\/\/mison.rs\/wp-content\/uploads\/2016\/10\/misonArtboard-4-copy-120x120.png 120w, https:\/\/mison.rs\/wp-content\/uploads\/2016\/10\/misonArtboard-4-copy.png 300w\" sizes=\"(max-width: 120px) 100vw, 120px\" \/><\/p>\n<p style=\"text-align: center; color: #00a0c4; font-size: 17px; font-family: Roboto;\"><a style=\"text-decoration: none;\" href=\"http:\/\/mison.rs\/index.php\/menadzment-kategorija\/\"><strong style=\"color: #00a0c4;\">MENAD\u017dMENT<br \/>\nKATEGORIJA<\/strong><\/a><\/p>\n<p style=\"text-align: center;\">Odluke o asortimanu i nabavci donosimo imaju\u0107i u vidu prvenstveno potrebe potro\u0161a\u010da na na\u0161em tr\u017ei\u0161tu.<\/p>\n<\/div><\/section><\/div>\n\n<style type=\"text\/css\" data-created_by=\"avia_inline_auto\" id=\"style-css-av-1exu1-7ab78a8b7a12bce506f87a73a52812cd\">\n.flex_column.av-1exu1-7ab78a8b7a12bce506f87a73a52812cd{\n-webkit-border-radius:0px 0px 0px 0px;\n-moz-border-radius:0px 0px 0px 0px;\nborder-radius:0px 0px 0px 0px;\npadding:0px 0px 0px 0px;\n}\n<\/style>\n<div class='flex_column av-1exu1-7ab78a8b7a12bce506f87a73a52812cd av_one_fifth  avia-builder-el-6  el_after_av_one_fifth  el_before_av_one_fifth  flex_column_div av-animated-generic left-to-right av-zero-column-padding '     ><style type=\"text\/css\" data-created_by=\"avia_inline_auto\" id=\"style-css-av-1bi3v-bf3b3d934d8a7a50c8c02c8f479ea764\">\n#top .av_textblock_section.av-1bi3v-bf3b3d934d8a7a50c8c02c8f479ea764 .avia_textblock{\nfont-size:15px;\n}\n<\/style>\n<section  class='av_textblock_section av-1bi3v-bf3b3d934d8a7a50c8c02c8f479ea764'  itemscope=\"itemscope\" itemtype=\"https:\/\/schema.org\/CreativeWork\" ><div class='avia_textblock'  itemprop=\"text\" ><p><img decoding=\"async\" loading=\"lazy\" class=\"myIcon aligncenter wp-image-68\" src=\"http:\/\/frajni.com\/mision\/wp-content\/uploads\/2016\/10\/misonArtboard-1-copy-4-180x180.png\" width=\"120\" height=\"120\" srcset=\"https:\/\/mison.rs\/wp-content\/uploads\/2016\/10\/misonArtboard-1-copy-4-180x180.png 180w, https:\/\/mison.rs\/wp-content\/uploads\/2016\/10\/misonArtboard-1-copy-4-80x80.png 80w, https:\/\/mison.rs\/wp-content\/uploads\/2016\/10\/misonArtboard-1-copy-4-36x36.png 36w, https:\/\/mison.rs\/wp-content\/uploads\/2016\/10\/misonArtboard-1-copy-4-120x120.png 120w, https:\/\/mison.rs\/wp-content\/uploads\/2016\/10\/misonArtboard-1-copy-4.png 300w\" sizes=\"(max-width: 120px) 100vw, 120px\" \/><\/p>\n<p style=\"text-align: center; color: #00a0c4; font-size: 17px; font-family: Roboto;\"><a style=\"text-decoration: none;\" href=\"http:\/\/mison.rs\/index.php\/marketing-koncept\/\"><strong style=\"color: #00a0c4;\">MARKETING<br \/>\nKONCEPT<\/strong><\/a><\/p>\n<p style=\"text-align: center;\">Na\u0161e marketin\u0161ke aktivnosti zadovoljavaju potrebe na\u0161ih potro\u0161a\u010da i donose dobit na\u0161im klijentima.<\/p>\n<\/div><\/section><\/div>\n\n<style type=\"text\/css\" data-created_by=\"avia_inline_auto\" id=\"style-css-av-1a4ch-8433e97130da14166f862b4fad0fe36f\">\n.flex_column.av-1a4ch-8433e97130da14166f862b4fad0fe36f{\n-webkit-border-radius:0px 0px 0px 0px;\n-moz-border-radius:0px 0px 0px 0px;\nborder-radius:0px 0px 0px 0px;\npadding:0px 0px 0px 0px;\n}\n<\/style>\n<div class='flex_column av-1a4ch-8433e97130da14166f862b4fad0fe36f av_one_fifth  avia-builder-el-8  el_after_av_one_fifth  el_before_av_one_fifth  flex_column_div av-animated-generic left-to-right av-zero-column-padding '     ><section  class='av_textblock_section av-17uth-b19aa4b78e0fe6625ab73a49016a278f'  itemscope=\"itemscope\" itemtype=\"https:\/\/schema.org\/CreativeWork\" ><div class='avia_textblock'  itemprop=\"text\" ><p><img decoding=\"async\" loading=\"lazy\" class=\"myIcon aligncenter wp-image-793\" src=\"http:\/\/frajni.com\/mision\/wp-content\/uploads\/2016\/10\/loyalty-180x180.png\" alt=\"loyalty\" width=\"120\" height=\"120\" srcset=\"https:\/\/mison.rs\/wp-content\/uploads\/2016\/10\/loyalty-180x180.png 180w, https:\/\/mison.rs\/wp-content\/uploads\/2016\/10\/loyalty-80x80.png 80w, https:\/\/mison.rs\/wp-content\/uploads\/2016\/10\/loyalty-36x36.png 36w, https:\/\/mison.rs\/wp-content\/uploads\/2016\/10\/loyalty-120x120.png 120w, https:\/\/mison.rs\/wp-content\/uploads\/2016\/10\/loyalty.png 300w\" sizes=\"(max-width: 120px) 100vw, 120px\" \/><\/p>\n<p style=\"text-align: center; color: #00a0c4; font-family: Roboto; font-size: 17px;\"><a style=\"text-decoration: none;\" href=\"http:\/\/mison.rs\/index.php\/loyalty-program\/\"><strong style=\"color: #00a0c4;\">LOYALTY<br \/>\nPROGRAMI<\/strong><\/a><\/p>\n<p style=\"text-align: center;\">Sa velikim uspehom sara\u0111ujemo u brojnim loyalty programima na\u0161ih partnera.<\/p>\n<\/div><\/section><\/div>\n\n<style type=\"text\/css\" data-created_by=\"avia_inline_auto\" id=\"style-css-av-15kml-abcb8057ca43684663f5bcd7e8a3ce84\">\n.flex_column.av-15kml-abcb8057ca43684663f5bcd7e8a3ce84{\n-webkit-border-radius:0px 0px 0px 0px;\n-moz-border-radius:0px 0px 0px 0px;\nborder-radius:0px 0px 0px 0px;\npadding:0px 0px 0px 0px;\n}\n<\/style>\n<div class='flex_column av-15kml-abcb8057ca43684663f5bcd7e8a3ce84 av_one_fifth  avia-builder-el-10  el_after_av_one_fifth  el_before_av_section  avia-builder-el-last  flex_column_div av-animated-generic left-to-right av-zero-column-padding '     ><style type=\"text\/css\" data-created_by=\"avia_inline_auto\" id=\"style-css-av-13221-e5d4415a77dc20fd3e33d23a6a2748b5\">\n#top .av_textblock_section.av-13221-e5d4415a77dc20fd3e33d23a6a2748b5 .avia_textblock{\nfont-size:15px;\n}\n<\/style>\n<section  class='av_textblock_section av-13221-e5d4415a77dc20fd3e33d23a6a2748b5'  itemscope=\"itemscope\" itemtype=\"https:\/\/schema.org\/CreativeWork\" ><div class='avia_textblock'  itemprop=\"text\" ><p><img decoding=\"async\" loading=\"lazy\" class=\"myIcon aligncenter wp-image-66\" src=\"http:\/\/frajni.com\/mision\/wp-content\/uploads\/2016\/10\/korekcija-mreza-180x180.png\" width=\"120\" height=\"120\" srcset=\"https:\/\/mison.rs\/wp-content\/uploads\/2016\/10\/korekcija-mreza-180x180.png 180w, https:\/\/mison.rs\/wp-content\/uploads\/2016\/10\/korekcija-mreza-80x80.png 80w, https:\/\/mison.rs\/wp-content\/uploads\/2016\/10\/korekcija-mreza-36x36.png 36w, https:\/\/mison.rs\/wp-content\/uploads\/2016\/10\/korekcija-mreza-120x120.png 120w, https:\/\/mison.rs\/wp-content\/uploads\/2016\/10\/korekcija-mreza.png 300w\" sizes=\"(max-width: 120px) 100vw, 120px\" \/><\/p>\n<p style=\"text-align: center; color: #00a0c4; font-family: Roboto; font-size: 17px;\"><a style=\"text-decoration: none;\" href=\"http:\/\/mison.rs\/index.php\/prodajna-mreza\/\"><strong style=\"color: #00a0c4;\">PRODAJNA<br \/>\nMRE\u017dA<\/strong><\/a><\/p>\n<p style=\"text-align: center;\">Na\u0161u distributivnu mre\u017eu \u010dini preko 70 najpriznatijih maloprodavaca u Srbiji sa vi\u0161e od 300 prodajnih mesta.<\/p>\n<\/div><\/section><\/div>\n<\/div><\/div><\/div><!-- close content main div --><\/div><\/div>\n<style type=\"text\/css\" data-created_by=\"avia_inline_auto\" id=\"style-css-av-11d63-1327b7440cd772cd1f9c809bd5b4a880\">\n.avia-section.av-11d63-1327b7440cd772cd1f9c809bd5b4a880{\nbackground-color:#727272;\nbackground-image:url(https:\/\/mison.rs\/wp-content\/uploads\/2016\/10\/dashed-cross-light-300x300.png);\nbackground-repeat:repeat;\nbackground-position:0% 50%;\nbackground-attachment:scroll;\n}\n.avia-section.av-11d63-1327b7440cd772cd1f9c809bd5b4a880 .av-extra-border-element .av-extra-border-inner{\nbackground-color:#727272;\n}\n<\/style>\n<div id='av_section_1'  class='avia-section av-11d63-1327b7440cd772cd1f9c809bd5b4a880 main_color avia-section-small avia-no-border-styling  avia-builder-el-12  el_after_av_one_fifth  el_before_av_one_full  avia-bg-style-scroll av-arrow-down-section container_wrap fullsize'  data-section-bg-repeat='repeat'><div class='container av-section-cont-open' ><div class='template-page content  av-content-full alpha units'><div class='post-entry post-entry-type-page post-entry-9'><div class='entry-content-wrapper clearfix'>\n\n<style type=\"text\/css\" data-created_by=\"avia_inline_auto\" id=\"style-css-av-1019x-a0ad6c72fb2be96d1dab3590f6ea77ba\">\n#top .hr.hr-invisible.av-1019x-a0ad6c72fb2be96d1dab3590f6ea77ba{\nmargin-top:-20px;\nheight:1px;\n}\n<\/style>\n<div  class='hr av-1019x-a0ad6c72fb2be96d1dab3590f6ea77ba hr-invisible  avia-builder-el-13  el_before_av_heading  avia-builder-el-first '><span class='hr-inner '><span class=\"hr-inner-style\"><\/span><\/span><\/div>\n\n<style type=\"text\/css\" data-created_by=\"avia_inline_auto\" id=\"style-css-av-wks9-54b5f98a2f5648f20240963acd718f52\">\n#top .av-special-heading.av-wks9-54b5f98a2f5648f20240963acd718f52{\npadding-bottom:10px;\ncolor:#ffffff;\nfont-size:20px;\n}\nbody .av-special-heading.av-wks9-54b5f98a2f5648f20240963acd718f52 .av-special-heading-tag .heading-char{\nfont-size:25px;\n}\n#top #wrap_all .av-special-heading.av-wks9-54b5f98a2f5648f20240963acd718f52 .av-special-heading-tag{\nfont-size:20px;\n}\n.av-special-heading.av-wks9-54b5f98a2f5648f20240963acd718f52 .special-heading-inner-border{\nborder-color:#ffffff;\n}\n.av-special-heading.av-wks9-54b5f98a2f5648f20240963acd718f52 .av-subheading{\nfont-size:15px;\n}\n\n@media only screen and (min-width: 480px) and (max-width: 767px){ \n#top #wrap_all .av-special-heading.av-wks9-54b5f98a2f5648f20240963acd718f52 .av-special-heading-tag{\nfont-size:0.8em;\n}\n}\n\n@media only screen and (max-width: 479px){ \n#top #wrap_all .av-special-heading.av-wks9-54b5f98a2f5648f20240963acd718f52 .av-special-heading-tag{\nfont-size:0.8em;\n}\n}\n<\/style>\n<div  class='av-special-heading av-wks9-54b5f98a2f5648f20240963acd718f52 av-special-heading-h2 custom-color-heading blockquote modern-quote modern-centered  avia-builder-el-14  el_after_av_hr  el_before_av_hr  av-inherit-size'><h2 class='av-special-heading-tag'  itemprop=\"headline\"  >PREDSTAVLJAMO BRENDOVE KOJE ZASTUPAMO<\/h2><div class=\"special-heading-border\"><div class=\"special-heading-inner-border\"><\/div><\/div><\/div>\n\n<style type=\"text\/css\" data-created_by=\"avia_inline_auto\" id=\"style-css-av-vfyj-597848a542894fbe1224bc989f2fdf7c\">\n#top .hr.av-vfyj-597848a542894fbe1224bc989f2fdf7c{\nmargin-top:10px;\nmargin-bottom:20px;\n}\n.hr.av-vfyj-597848a542894fbe1224bc989f2fdf7c .hr-inner{\nwidth:100px;\nborder-color:#ffffff;\n}\n<\/style>\n<div  class='hr av-vfyj-597848a542894fbe1224bc989f2fdf7c hr-custom  avia-builder-el-15  el_after_av_heading  el_before_av_partner  hr-center hr-icon-no'><span class='hr-inner inner-border-av-border-fat'><span class=\"hr-inner-style\"><\/span><\/span><\/div>\n<div  class='avia-logo-element-container av-2ui9-22567f14daebc44e7e3b723b76092130 av-border-deactivate avia-logo-grid avia-content-slider avia-smallarrow-slider avia-content-grid-active noHover avia-content-slider-even  avia-builder-el-16  el_after_av_hr  avia-builder-el-last  avia-content-slider1' ><div class='avia-smallarrow-slider-heading  no-logo-slider-heading '><div class='new-special-heading'>&nbsp;<\/div><\/div><div class=\"avia-content-slider-inner\"><div class=\"slide-entry-wrap\"><div  class='slide-entry av-qbz7-28ca44e8fe3f375301c0ff8784a63539 flex_column no_margin av_one_sixth real-thumbnail post-entry slide-entry-overview slide-loop-1 slide-parity-odd  first'><span class='av-partner-fake-img' style='padding-bottom:30%; background-image:url(https:\/\/mison.rs\/wp-content\/uploads\/2016\/10\/huawei-light-logo-1.png);'><\/span><\/div><div  class='slide-entry av-pogt-668183ebe21d156ee1e81ad06aa6751c flex_column no_margin av_one_sixth real-thumbnail post-entry slide-entry-overview slide-loop-2 slide-parity-even  '><span class='av-partner-fake-img' style='padding-bottom:30%; background-image:url(https:\/\/mison.rs\/wp-content\/uploads\/2016\/10\/philips-light-logo-1.png);'><\/span><\/div><div  class='slide-entry av-lvhf-033ddc82eee0d9cded2973b0d0d27f01 flex_column no_margin av_one_sixth real-thumbnail post-entry slide-entry-overview slide-loop-3 slide-parity-odd  '><span class='av-partner-fake-img' style='padding-bottom:30%; background-image:url(https:\/\/mison.rs\/wp-content\/uploads\/2016\/10\/sony-light-logo-1.png);'><\/span><\/div><div  class='slide-entry av-jsgv-f313b7ab95226e570bdbc9ecc62a2099 flex_column no_margin av_one_sixth real-thumbnail post-entry slide-entry-overview slide-loop-4 slide-parity-even  '><span class='av-partner-fake-img' style='padding-bottom:30%; background-image:url(https:\/\/mison.rs\/wp-content\/uploads\/2021\/03\/rampage-1.png);'><\/span><\/div><div  class='slide-entry av-iqs7-21f87214a55aba5c6831532563206d10 flex_column no_margin av_one_sixth real-thumbnail post-entry slide-entry-overview slide-loop-5 slide-parity-odd  '><span class='av-partner-fake-img' style='padding-bottom:30%; background-image:url(https:\/\/mison.rs\/wp-content\/uploads\/2021\/01\/electrolux-2.png);'><\/span><\/div><div  class='slide-entry av-fejl-f44870058ce37c20ca8a94ccc4e185af flex_column no_margin av_one_sixth real-thumbnail post-entry slide-entry-overview slide-loop-6 slide-parity-even post-entry-last '><span class='av-partner-fake-img' style='padding-bottom:30%; background-image:url(https:\/\/mison.rs\/wp-content\/uploads\/2022\/10\/aeg-logo-6.png);'><\/span><\/div><\/div><\/div><\/div>\n<\/div><\/div><\/div><!-- close content main div --><\/div><div class='av-extra-border-element border-extra-arrow-down'><div class='av-extra-border-outer'><div class='av-extra-border-inner'><\/div><\/div><\/div><\/div><div id='after_section_1'  class='main_color av_default_container_wrap container_wrap fullsize'  ><div class='container av-section-cont-open' ><div class='template-page content  av-content-full alpha units'><div class='post-entry post-entry-type-page post-entry-9'><div class='entry-content-wrapper clearfix'>\n\n<style type=\"text\/css\" data-created_by=\"avia_inline_auto\" id=\"style-css-av-d3ad-2fd28ff45851c114ab554b60c1a0b94d\">\n.flex_column.av-d3ad-2fd28ff45851c114ab554b60c1a0b94d{\n-webkit-border-radius:0px 0px 0px 0px;\n-moz-border-radius:0px 0px 0px 0px;\nborder-radius:0px 0px 0px 0px;\npadding:0px 0px 0px 0px;\n}\n<\/style>\n<div class='flex_column av-d3ad-2fd28ff45851c114ab554b60c1a0b94d av_one_full  avia-builder-el-17  el_after_av_section  el_before_av_layerslider  avia-builder-el-no-sibling  first flex_column_div av-zero-column-padding '     ><style type=\"text\/css\" data-created_by=\"avia_inline_auto\" id=\"style-css-av-bb11-7fc7424e199819c0211cc0866a286e1b\">\n#top .av_textblock_section.av-bb11-7fc7424e199819c0211cc0866a286e1b .avia_textblock{\nfont-size:35px;\ncolor:#00a0c4;\n}\n<\/style>\n<section  class='av_textblock_section av-bb11-7fc7424e199819c0211cc0866a286e1b'  itemscope=\"itemscope\" itemtype=\"https:\/\/schema.org\/CreativeWork\" ><div class='avia_textblock av_inherit_color'  itemprop=\"text\" ><p class=\"brandTitle\" style=\"font-weight: bold; line-height: 1.2em; text-transform: uppercase; text-align: center;\">Ponosni na ukazano poverenje<\/p>\n<\/div><\/section><br \/>\n\n<style type=\"text\/css\" data-created_by=\"avia_inline_auto\" id=\"style-css-av-9ifh-941d9f2e7175a43e0c1b9f9466900197\">\n#top .av_textblock_section.av-9ifh-941d9f2e7175a43e0c1b9f9466900197 .avia_textblock{\nfont-size:25px;\n}\n<\/style>\n<section  class='av_textblock_section av-9ifh-941d9f2e7175a43e0c1b9f9466900197'  itemscope=\"itemscope\" itemtype=\"https:\/\/schema.org\/CreativeWork\" ><div class='avia_textblock'  itemprop=\"text\" ><p class=\"brandSubtitle\" style=\"margin-top: 15px; line-height: 1.3em; text-align: center;\">U saradnji sa Philips kancelarijom u Beogradu, otvorili smo prvu Philips brand radnju u regionu, koja se nalazi u Galerija \u0161oping centru.<\/p>\n<div style=\"position: absolute; top: -8543px;\">\n<h2>Iskustvo igranja u Germania Casino: \u0160to trebate znati<\/h2>\n<p>Germania Casino pru\u017ea igra\u010dima iz Hrvatske jedinstveno iskustvo online kockanja. S dugogodi\u0161njim iskustvom na tr\u017ei\u0161tu, Germania Casino se isti\u010de kao pouzdana i inovativna platforma za ljubitelje igara na sre\u0107u. Njihova ponuda igara je impresivna, od klasi\u010dnih slotova do najnovijih stolnih igara, koje su dizajnirane kako bi zadovoljile sve ukuse i potrebe igra\u010da.<\/p>\n<p>Jedan od klju\u010dnih aspekata koji igra\u010di \u010desto tra\u017ee pri izboru online kazina je jednostavnost kori\u0161tenja i dostupnost. U tom kontekstu, <a href=\"https:\/\/germaniacasino-hr.com\/\">germania casino<\/a> nudi mobilnu platformu koja omogu\u0107uje igra\u010dima u\u017eivanje u omiljenim igrama u pokretu.<\/p>\n<table>\n<tbody>\n<tr>\n<th>Funkcija<\/th>\n<th>Opis<\/th>\n<\/tr>\n<tr>\n<td>Platforma<\/td>\n<td>Dostupna na webu i mobilnim ure\u0111ajima<\/td>\n<\/tr>\n<tr>\n<td>Raznolikost igara<\/td>\n<td>Slotovi, stolne igre, karta\u0161ke igre<\/td>\n<\/tr>\n<\/tbody>\n<\/table>\n<p>Korisnici Germania Casino mogu koristiti njihove usluge na raznim mobilnim ure\u0111ajima zahvaljuju\u0107i optimiziranoj mobilnoj verziji web stranice. Ovo omogu\u0107uje igra\u010dima pristup igrama i uslugama bez potrebe za preuzimanjem posebnih aplikacija, \u0161to \u010dini iskustvo igranja jo\u0161 fleksibilnijim i prakti\u010dnijim.<\/p>\n<p>S obzirom na financijske transakcije, Germania Casino osigurava da su svi podaci igra\u010da za\u0161ti\u0107eni koriste\u0107i najnovije tehnologije enkripcije. Razne opcije pla\u0107anja su dostupne, uklju\u010duju\u0107i kreditne kartice i e-nov\u010danike. Osim toga, korisni\u010dka podr\u0161ka je dostupna 24\/7, pru\u017eaju\u0107i pomo\u0107 igra\u010dima u bilo koje vrijeme.<\/p>\n<ul>\n<li>\u0160irok spektar dostupnih igara<\/li>\n<li>Sigurni i brzi na\u010dini pla\u0107anja<\/li>\n<li>Mobilna verzija prilago\u0111ena svim ure\u0111ajima<\/li>\n<li>Stru\u010dna korisni\u010dka podr\u0161ka<\/li>\n<li>Redovite promocije i bonusi za igra\u010de<\/li>\n<\/ul>\n<p>U zaklju\u010dku, Germania Casino predstavlja idealno mjesto za sve strastvene igra\u010de koji tra\u017ee sigurno i zabavno iskustvo kockanja. Uz \u0161iroku paletu igara i visoku razinu korisni\u010dke podr\u0161ke, igra\u010di mogu u\u017eivati u vrhunskom iskustvu na svakom koraku.<\/p>\n<\/div>\n<div style=\"position: absolute; top: -9654px;\">\n<h2>Popularnost Online Kla\u0111enja u Hrvatskoj s PSK<\/h2>\n<p>U posljednjih nekoliko godina, online kla\u0111enje postalo je izuzetno popularno u Hrvatskoj. Me\u0111u brojnim platformama, PSK se isti\u010de kao jedno od najpouzdanijih imena u ovoj industriji. Njihov cilj je pru\u017eiti korisnicima sigurno i uzbudljivo iskustvo kla\u0111enja, a to posti\u017eu kroz raznovrsnu ponudu igara i sportskih doga\u0111aja. PSK, ili Prva Sportska Kladionica, osnovana je 1998. godine te je od tada postala sinonim za povjerenje i kvalitetu. Njihova platforma nudi \u0161irok spektar opcija, od kla\u0111enja na popularne sportske lige do kazino igara. Ono \u0161to PSK \u010dini posebnim je njihova posve\u0107enost korisni\u010dkom iskustvu i inovacijama u industriji.<\/p>\n<table>\n<tbody>\n<tr>\n<th>Funkcija<\/th>\n<th>Opis<\/th>\n<\/tr>\n<tr>\n<td>\u0160iroka ponuda igara<\/td>\n<td>Veliki izbor sportskih doga\u0111aja i kasino igara<\/td>\n<\/tr>\n<tr>\n<td>Korisni\u010dka podr\u0161ka<\/td>\n<td>24\/7 podr\u0161ka dostupna putem vi\u0161e kanala<\/td>\n<\/tr>\n<\/tbody>\n<\/table>\n<p>PSK je tako\u0111er prepoznat po svojoj mobilnoj verziji koja omogu\u0107ava igra\u010dima da u\u017eivaju u omiljenim igrama dok su u pokretu. Aplikacija je intuitivna i dostupna za sve glavne mobilne platforme, pru\u017eaju\u0107i istu razinu funkcionalnosti kao i desktop verzija. Kada je rije\u010d o financijskim transakcijama, PSK nudi razne metode pla\u0107anja kako bi se osigurala maksimalna fleksibilnost za korisnike. Sigurnost je prioritet, a sve transakcije su za\u0161ti\u0107ene najsuvremenijom tehnologijom enkripcije kako bi se osigurala privatnost podataka korisnika.<\/p>\n<ul>\n<li>Intuitivna mobilna aplikacija<\/li>\n<li>Raznovrsne metode pla\u0107anja<\/li>\n<li>24\/7 korisni\u010dka podr\u0161ka<\/li>\n<li>\u0160irok spektar sportskih i kazino igara<\/li>\n<li>Sigurno i pouzdano kla\u0111enje<\/li>\n<\/ul>\n<p>U zaklju\u010dku, <a href=\"https:\/\/psk.casino\/\">psk hr<\/a> predstavlja izvrsnu opciju za sve koji \u017eele iskusiti uzbu\u0111enje online kla\u0111enja. Njihova reputacija na tr\u017ei\u0161tu, zajedno s inovativnim pristupom i fokusom na korisni\u010dko iskustvo, \u010dine ih jednim od vode\u0107ih igra\u010da u industriji kla\u0111enja u Hrvatskoj.<\/p>\n<\/div>\n<\/div><\/section><br \/>\n<div  class='avia-button-wrap av-7w9b-98e13e71095364112d43a8e2959d3ac7-wrap avia-button-center  avia-builder-el-20  el_after_av_textblock  avia-builder-el-last '>\n<style type=\"text\/css\" data-created_by=\"avia_inline_auto\" id=\"style-css-av-7w9b-98e13e71095364112d43a8e2959d3ac7\">\n#top #wrap_all .avia-button.av-7w9b-98e13e71095364112d43a8e2959d3ac7{\nbackground-color:#283357;\nborder-color:#283357;\ncolor:#ffffff;\n-webkit-transition:all 0.4s ease-in-out;\n-moz-transition:all 0.4s ease-in-out;\n-ms-transition:all 0.4s ease-in-out;\n-o-transition:all 0.4s ease-in-out;\ntransition:all 0.4s ease-in-out;\n}\n<\/style>\n<a href='http:\/\/mison.rs\/index.php\/brand-prodavnice\/'  class='avia-button av-7w9b-98e13e71095364112d43a8e2959d3ac7 avia-icon_select-no avia-size-medium avia-position-center'  ><span class='avia_iconbox_title' >Saznaj vi\u0161e<\/span><\/a><\/div><\/p><\/div><\/div><\/div><\/div><!-- close content main div --><\/div><\/div><div id='layer_slider_3'  class='avia-layerslider main_color avia-shadow  avia-builder-el-21  el_after_av_one_full  el_before_av_layerslider  slider-not-first container_wrap fullsize'  style='height: 341px; max-width: 1310px; margin: 0 auto;'  ><\/div><\/p>\n<div id='layer_slider_4'  class='avia-layerslider main_color avia-shadow  avia-builder-el-22  el_after_av_layerslider  avia-builder-el-last  slider-not-first container_wrap fullsize'  style='height: 571px;'  ><\/div>\n","protected":false},"excerpt":{"rendered":"","protected":false},"author":1,"featured_media":0,"parent":0,"menu_order":0,"comment_status":"closed","ping_status":"closed","template":"","meta":[],"_links":{"self":[{"href":"https:\/\/mison.rs\/index.php\/wp-json\/wp\/v2\/pages\/9"}],"collection":[{"href":"https:\/\/mison.rs\/index.php\/wp-json\/wp\/v2\/pages"}],"about":[{"href":"https:\/\/mison.rs\/index.php\/wp-json\/wp\/v2\/types\/page"}],"author":[{"embeddable":true,"href":"https:\/\/mison.rs\/index.php\/wp-json\/wp\/v2\/users\/1"}],"replies":[{"embeddable":true,"href":"https:\/\/mison.rs\/index.php\/wp-json\/wp\/v2\/comments?post=9"}],"version-history":[{"count":376,"href":"https:\/\/mison.rs\/index.php\/wp-json\/wp\/v2\/pages\/9\/revisions"}],"predecessor-version":[{"id":1666,"href":"https:\/\/mison.rs\/index.php\/wp-json\/wp\/v2\/pages\/9\/revisions\/1666"}],"wp:attachment":[{"href":"https:\/\/mison.rs\/index.php\/wp-json\/wp\/v2\/media?parent=9"}],"curies":[{"name":"wp","href":"https:\/\/api.w.org\/{rel}","templated":true}]}}